{"id":11,"date":"2018-05-14T09:20:34","date_gmt":"2018-05-14T07:20:34","guid":{"rendered":"http:\/\/www.gdcp-kolloquium.physik.rwth-aachen.de\/?page_id=11"},"modified":"2018-09-05T08:34:12","modified_gmt":"2018-09-05T06:34:12","slug":"ein-startseiten-abschnitt","status":"publish","type":"page","link":"https:\/\/www.gdcp-kolloquium.physik.rwth-aachen.de\/?page_id=11","title":{"rendered":"GDCP 2018 &#8211; Anmeldung zur Tagung"},"content":{"rendered":"<h2><strong>Anmeldung und Zeitraum:<\/strong><\/h2>\n<ul>\n<li>Sie konnten sich bis zum 06.07.2018 unter <a href=\"http:\/\/www.gdcp.de\/tagungen\/index.php\/31995\/lang-de\"><strong>Anmeldung<\/strong><\/a>\u00a0 f\u00fcr die Veranstaltung registrieren. <strong>Die Anmeldephase ist beendet.<\/strong><\/li>\n<\/ul>\n<h2><strong>Anmeldemodalit\u00e4ten:<\/strong><\/h2>\n<ul>\n<li>Informationen \u00fcber die Entscheidung bzgl. der M\u00f6glichkeit f\u00fcr einen Vortrag und der Annahme als Tagungsgast: ab dem 20.07.2018<\/li>\n<\/ul>\n<h2><strong>Kriterien f\u00fcr die Auswahl von Vortr\u00e4gen<\/strong><\/h2>\n<p>Sollte es mehr Anmeldungen f\u00fcr Vortr\u00e4ge als Vortragsslots geben, greifen die folgenden Kriterien:<\/p>\n<ul>\n<li>GDCP-Mitgliedschaft<\/li>\n<li>Anwesenheit des Betreuenden<\/li>\n<li>Bisherige Dauer der Promotion (in etwa zwischen 9 und 20 Monaten)<\/li>\n<li>Standortverteilung bzw. Arbeitsgruppenverteilung (wobei hier den Standorten z.T. vorgeschlagen wurde, selbst die Vortragenden auszuw\u00e4hlen)<\/li>\n<li>Ausreichende Promotionsdauer f\u00fcr eine Teilnahme im kommenden Jahr<\/li>\n<\/ul>\n<p>In einer zweiten zus\u00e4tzlichen Stufe wird bei Bedarf ein Losverfahren an den Randbereichen (ca. 9 oder 20 Monate) eingesetzt<\/p>\n<h2><strong>Vorab-Informationen zu den Kosten:<\/strong><\/h2>\n<ul>\n<li>Voraussichtliche Kosten f\u00fcr Betreuende bei Unterbringung im gehobenen Einzelzimmer: ca. 230 \u20ac<\/li>\n<li>Voraussichtliche Kosten f\u00fcr Doktorierende bei Unterbringung im gehobenen Doppelzimmer oder schlichterem Einzelzimmer: ca. 170 \u20ac<\/li>\n<li>Gezahlte Tagungsbeitr\u00e4ge k\u00f6nnen in der Regel bei kurzfristiger Absage nicht erstattet werden<\/li>\n<li>F\u00fcr Getr\u00e4nke am ersten Abend kommen die Teilnehmer selbst auf. Bitte entsprechend Kleingeld mitbringen.<\/li>\n<\/ul>\n<p>&nbsp;<\/p>\n","protected":false},"excerpt":{"rendered":"<p>Anmeldung und Zeitraum: Sie konnten sich bis zum 06.07.2018 unter Anmeldung\u00a0 f\u00fcr die Veranstaltung registrieren. Die Anmeldephase ist beendet. Anmeldemodalit\u00e4ten: Informationen \u00fcber die Entscheidung bzgl. der M\u00f6glichkeit f\u00fcr einen Vortrag und der Annahme als Tagungsgast: ab dem 20.07.2018 Kriterien f\u00fcr die Auswahl von Vortr\u00e4gen Sollte es mehr Anmeldungen f\u00fcr Vortr\u00e4ge als Vortragsslots geben, greifen die &hellip; <\/p>\n<p class=\"link-more\"><a href=\"https:\/\/www.gdcp-kolloquium.physik.rwth-aachen.de\/?page_id=11\" class=\"more-link\"><span class=\"screen-reader-text\">\u201eGDCP 2018 &#8211; Anmeldung zur Tagung\u201c<\/span> weiterlesen<\/a><\/p>\n","protected":false},"author":1,"featured_media":0,"parent":0,"menu_order":0,"comment_status":"closed","ping_status":"closed","template":"","meta":{"footnotes":""},"class_list":["post-11","page","type-page","status-publish","hentry"],"_links":{"self":[{"href":"https:\/\/www.gdcp-kolloquium.physik.rwth-aachen.de\/index.php?rest_route=\/wp\/v2\/pages\/11","targetHints":{"allow":["GET"]}}],"collection":[{"href":"https:\/\/www.gdcp-kolloquium.physik.rwth-aachen.de\/index.php?rest_route=\/wp\/v2\/pages"}],"about":[{"href":"https:\/\/www.gdcp-kolloquium.physik.rwth-aachen.de\/index.php?rest_route=\/wp\/v2\/types\/page"}],"author":[{"embeddable":true,"href":"https:\/\/www.gdcp-kolloquium.physik.rwth-aachen.de\/index.php?rest_route=\/wp\/v2\/users\/1"}],"replies":[{"embeddable":true,"href":"https:\/\/www.gdcp-kolloquium.physik.rwth-aachen.de\/index.php?rest_route=%2Fwp%2Fv2%2Fcomments&post=11"}],"version-history":[{"count":7,"href":"https:\/\/www.gdcp-kolloquium.physik.rwth-aachen.de\/index.php?rest_route=\/wp\/v2\/pages\/11\/revisions"}],"predecessor-version":[{"id":88,"href":"https:\/\/www.gdcp-kolloquium.physik.rwth-aachen.de\/index.php?rest_route=\/wp\/v2\/pages\/11\/revisions\/88"}],"wp:attachment":[{"href":"https:\/\/www.gdcp-kolloquium.physik.rwth-aachen.de\/index.php?rest_route=%2Fwp%2Fv2%2Fmedia&parent=11"}],"curies":[{"name":"wp","href":"https:\/\/api.w.org\/{rel}","templated":true}]}}