{"id":2,"date":"2018-05-09T15:19:52","date_gmt":"2018-05-09T13:19:52","guid":{"rendered":"http:\/\/www.gdcp-kolloquium.physik.rwth-aachen.de\/?page_id=2"},"modified":"2018-11-03T17:46:36","modified_gmt":"2018-11-03T16:46:36","slug":"beispiel-seite","status":"publish","type":"page","link":"https:\/\/www.gdcp-kolloquium.physik.rwth-aachen.de\/?page_id=2","title":{"rendered":"GDCP 2018 &#8211; Startseite"},"content":{"rendered":"<p>Prof. Dr Josef Riese und Prof. Dr. Heidrun Heinke vom <a href=\"http:\/\/www.institut-1a.physik.rwth-aachen.de\/cms\/~huhj\/INSTITUT-1A\/\">I. physikalischen Institut IA<\/a> der RWTH Aachen freuen sich sehr darauf, Sie, die Doktorandinnen und Doktoranden der GDCP zusammen mit Ihren Betreuenden im Oktober 2018 (26.10 &#8211; 28.10) im Kloster Steinfeld in der Eifel im Umland von Aachen begr\u00fc\u00dfen zu d\u00fcrfen!<\/p>\n<p>Auf dieser Seite haben Sie die M\u00f6glichkeit, sich \u00fcber die Anmeldung, Anreise, den Rahmen und den Ablauf der GDCP-Doktorandentagung 2018 zu informieren. In K\u00fcrze werden weitere Informationen zum Progammablauf erg\u00e4nzt.<\/p>\n<p>Mit freundlichen Gr\u00fc\u00dfen<\/p>\n<p><a href=\"http:\/\/www.institut-1a.physik.rwth-aachen.de\/cms\/INSTITUT-1A\/Das-Institut\/Team\/~kduc\/Josef-Riese\/?allou=1\">Prof. Dr Josef Riese<\/a> und <a href=\"http:\/\/www.physik.rwth-aachen.de\/cms\/Physik\/Die-Fachgruppe\/Institute-und-Lehrstuehle\/Einrichtungen\/~dwqp\/Details\/?gguid=0x4E87C90C4D5A224193E6A73AA186B4EE&amp;allou=1\">Prof. Dr. Heidrun Heinke<\/a><\/p>\n<p>&nbsp;<\/p>\n<h1>Bilder der Tagung<\/h1>\n<p>An dieser Stelle nochmal einen herzlichen Dank f\u00fcr die gute Versorgung und Unterbringung durch das Kloster Steinfeld und an seine freundlichen Mitarbeiter.<\/p>\n<p><a href=\"http:\/\/www.gdcp-kolloquium.physik.rwth-aachen.de\/?p=159\">Fotos zum Doktorierendenkolloquium 2018 im Kloster Steinfeld in Kall<\/a><\/p>\n<p>&nbsp;<\/p>\n","protected":false},"excerpt":{"rendered":"<p>Prof. Dr Josef Riese und Prof. Dr. Heidrun Heinke vom I. physikalischen Institut IA der RWTH Aachen freuen sich sehr darauf, Sie, die Doktorandinnen und Doktoranden der GDCP zusammen mit Ihren Betreuenden im Oktober 2018 (26.10 &#8211; 28.10) im Kloster Steinfeld in der Eifel im Umland von Aachen begr\u00fc\u00dfen zu d\u00fcrfen! Auf dieser Seite haben &hellip; <\/p>\n<p class=\"link-more\"><a href=\"https:\/\/www.gdcp-kolloquium.physik.rwth-aachen.de\/?page_id=2\" class=\"more-link\"><span class=\"screen-reader-text\">\u201eGDCP 2018 &#8211; Startseite\u201c<\/span> weiterlesen<\/a><\/p>\n","protected":false},"author":1,"featured_media":0,"parent":0,"menu_order":0,"comment_status":"closed","ping_status":"open","template":"","meta":{"footnotes":""},"class_list":["post-2","page","type-page","status-publish","hentry"],"_links":{"self":[{"href":"https:\/\/www.gdcp-kolloquium.physik.rwth-aachen.de\/index.php?rest_route=\/wp\/v2\/pages\/2","targetHints":{"allow":["GET"]}}],"collection":[{"href":"https:\/\/www.gdcp-kolloquium.physik.rwth-aachen.de\/index.php?rest_route=\/wp\/v2\/pages"}],"about":[{"href":"https:\/\/www.gdcp-kolloquium.physik.rwth-aachen.de\/index.php?rest_route=\/wp\/v2\/types\/page"}],"author":[{"embeddable":true,"href":"https:\/\/www.gdcp-kolloquium.physik.rwth-aachen.de\/index.php?rest_route=\/wp\/v2\/users\/1"}],"replies":[{"embeddable":true,"href":"https:\/\/www.gdcp-kolloquium.physik.rwth-aachen.de\/index.php?rest_route=%2Fwp%2Fv2%2Fcomments&post=2"}],"version-history":[{"count":9,"href":"https:\/\/www.gdcp-kolloquium.physik.rwth-aachen.de\/index.php?rest_route=\/wp\/v2\/pages\/2\/revisions"}],"predecessor-version":[{"id":164,"href":"https:\/\/www.gdcp-kolloquium.physik.rwth-aachen.de\/index.php?rest_route=\/wp\/v2\/pages\/2\/revisions\/164"}],"wp:attachment":[{"href":"https:\/\/www.gdcp-kolloquium.physik.rwth-aachen.de\/index.php?rest_route=%2Fwp%2Fv2%2Fmedia&parent=2"}],"curies":[{"name":"wp","href":"https:\/\/api.w.org\/{rel}","templated":true}]}}