{"id":55,"date":"2018-05-24T10:02:13","date_gmt":"2018-05-24T08:02:13","guid":{"rendered":"http:\/\/www.gdcp-kolloquium.physik.rwth-aachen.de\/?page_id=55"},"modified":"2018-10-18T18:26:52","modified_gmt":"2018-10-18T16:26:52","slug":"gdcp-programm","status":"publish","type":"page","link":"https:\/\/www.gdcp-kolloquium.physik.rwth-aachen.de\/?page_id=55","title":{"rendered":"GDCP 2018 &#8211; Programm"},"content":{"rendered":"<h2>Ablauf der Tagung (26.10.18 &#8211; 28.10.18)<\/h2>\n<p style=\"text-align: center;\"><strong>Grober Tagungsrahmen:<\/strong><\/p>\n<p><strong>Dauer der Vortr\u00e4ge:<\/strong> 20-25 min<strong><br \/>\n<\/strong><\/p>\n<p style=\"text-align: center;\"><strong>Beginn &#8211; Freitag (26.10.18)<\/strong><\/p>\n<p><strong>Bus-Shuttle:<\/strong> ab <strong>12:15<\/strong> zwischen Bahnhof Kall und Kloster Steinfeld<br \/>\n<strong>Check-In:<\/strong> ab <strong>12:30<\/strong> im Kloster Steinfeld<br \/>\n<strong>Mittagessen:<\/strong> 13:00<br \/>\n<strong>Auftaktveranstaltung:<\/strong> ab 14:00 in der Sch\u00fclerkapelle (OG)<br \/>\n<strong>Vortr\u00e4ge:<\/strong> ab 14:15 in den R\u00e4umen S1, S2, Sch\u00fclerkapelle (OG) bis 19:00<br \/>\n<strong>Abendessen:<\/strong> 19:00, danach Tagessausklang im Talentschuppen<\/p>\n<p style=\"text-align: center;\"><strong>Samstag (27.10.18)<\/strong><\/p>\n<p><strong>Fr\u00fchst\u00fcck:<\/strong> 8:00-9:00<br \/>\n<strong>Projektberatungen:<\/strong> 9:00-11:00<br \/>\n<strong>Vortr\u00e4ge:<\/strong> 11:15-12:15<br \/>\n<strong>Mittagessen:<\/strong> 12:30-13:30<br \/>\n<strong>Vortr\u00e4ge:<\/strong> 13:30-15:30<\/p>\n<p><strong>Rahmenprogramm: <\/strong>ab 16:00<\/p>\n<ul>\n<li>Wanderung Eifeler Milchweg ab Kloster (7,5 km &#8211; 2h)<\/li>\n<li>Alternativ: Sport vor Ort im Kloster (17:00)<\/li>\n<\/ul>\n<p><strong>Konferenzessen:<\/strong> ab 19:30 im &#8222;Schafstall&#8220;<\/p>\n<p style=\"text-align: center;\"><strong>Ende &#8211; Sonntag (28.10.18)<\/strong><\/p>\n<p><strong>Fr\u00fchst\u00fcck:<\/strong> 8:00-9:00<br \/>\n<strong>Vortr\u00e4ge:<\/strong> 9:00-11:00<br \/>\n<strong>Abschlussplenum:<\/strong> 11:15-11:45 in der &#8222;<em>Sch\u00fclerkapelle<\/em>&#8220;<br \/>\n<strong>Bus-Shuttle:<\/strong> ab <strong>11:45<\/strong> nach Bahnhof Kall (<strong>nach Bedarf, bis 13:30 Uhr<\/strong>)<br \/>\n<strong>Mittagessen:<\/strong> 12:00 (optional mit Voranmeldung)<\/p>\n<h2>Ablaufplan, Projektberatung und Programmheft zur Tagung<\/h2>\n<ol>\n<li>Download (PDF): <a href=\"http:\/\/www.gdcp-kolloquium.physik.rwth-aachen.de\/wp-content\/uploads\/2018\/10\/Ablaufplan-GDCP-Dokoll-2018-Aachen-Finale-Version.pdf\" target=\"_blank\" rel=\"noopener\">Ablaufplan &#8211; Doktorierendenkolloquium<\/a> (Finale Version)<\/li>\n<li>Download (PDF): <a href=\"http:\/\/www.gdcp-kolloquium.physik.rwth-aachen.de\/wp-content\/uploads\/2018\/10\/Projekberatung_Uebersicht.pdf\" target=\"_blank\" rel=\"noopener\">\u00dcbersicht der Projektberatungen<\/a> (Gruppeneinteilungen)<\/li>\n<li>Download (PDF): <a href=\"http:\/\/www.gdcp-kolloquium.physik.rwth-aachen.de\/wp-content\/uploads\/2018\/10\/Programm_GDCP-Dokoll-Aachen_20181017.pdf\" target=\"_blank\" rel=\"noopener\">Programmheft &#8211; Doktorierendenkolloquium<\/a> (Finale Version)<\/li>\n<\/ol>\n<p>&nbsp;<\/p>\n","protected":false},"excerpt":{"rendered":"<p>Ablauf der Tagung (26.10.18 &#8211; 28.10.18) Grober Tagungsrahmen: Dauer der Vortr\u00e4ge: 20-25 min Beginn &#8211; Freitag (26.10.18) Bus-Shuttle: ab 12:15 zwischen Bahnhof Kall und Kloster Steinfeld Check-In: ab 12:30 im Kloster Steinfeld Mittagessen: 13:00 Auftaktveranstaltung: ab 14:00 in der Sch\u00fclerkapelle (OG) Vortr\u00e4ge: ab 14:15 in den R\u00e4umen S1, S2, Sch\u00fclerkapelle (OG) bis 19:00 Abendessen: 19:00, &hellip; <\/p>\n<p class=\"link-more\"><a href=\"https:\/\/www.gdcp-kolloquium.physik.rwth-aachen.de\/?page_id=55\" class=\"more-link\"><span class=\"screen-reader-text\">\u201eGDCP 2018 &#8211; Programm\u201c<\/span> weiterlesen<\/a><\/p>\n","protected":false},"author":1,"featured_media":0,"parent":0,"menu_order":0,"comment_status":"closed","ping_status":"closed","template":"","meta":{"footnotes":""},"class_list":["post-55","page","type-page","status-publish","hentry"],"_links":{"self":[{"href":"https:\/\/www.gdcp-kolloquium.physik.rwth-aachen.de\/index.php?rest_route=\/wp\/v2\/pages\/55","targetHints":{"allow":["GET"]}}],"collection":[{"href":"https:\/\/www.gdcp-kolloquium.physik.rwth-aachen.de\/index.php?rest_route=\/wp\/v2\/pages"}],"about":[{"href":"https:\/\/www.gdcp-kolloquium.physik.rwth-aachen.de\/index.php?rest_route=\/wp\/v2\/types\/page"}],"author":[{"embeddable":true,"href":"https:\/\/www.gdcp-kolloquium.physik.rwth-aachen.de\/index.php?rest_route=\/wp\/v2\/users\/1"}],"replies":[{"embeddable":true,"href":"https:\/\/www.gdcp-kolloquium.physik.rwth-aachen.de\/index.php?rest_route=%2Fwp%2Fv2%2Fcomments&post=55"}],"version-history":[{"count":17,"href":"https:\/\/www.gdcp-kolloquium.physik.rwth-aachen.de\/index.php?rest_route=\/wp\/v2\/pages\/55\/revisions"}],"predecessor-version":[{"id":122,"href":"https:\/\/www.gdcp-kolloquium.physik.rwth-aachen.de\/index.php?rest_route=\/wp\/v2\/pages\/55\/revisions\/122"}],"wp:attachment":[{"href":"https:\/\/www.gdcp-kolloquium.physik.rwth-aachen.de\/index.php?rest_route=%2Fwp%2Fv2%2Fmedia&parent=55"}],"curies":[{"name":"wp","href":"https:\/\/api.w.org\/{rel}","templated":true}]}}