{"id":7,"date":"2018-05-14T09:20:34","date_gmt":"2018-05-14T07:20:34","guid":{"rendered":"http:\/\/www.gdcp-kolloquium.physik.rwth-aachen.de\/?page_id=7"},"modified":"2018-05-22T11:22:01","modified_gmt":"2018-05-22T09:22:01","slug":"startseite","status":"publish","type":"page","link":"https:\/\/www.gdcp-kolloquium.physik.rwth-aachen.de\/","title":{"rendered":"GDCP 2018 &#8211; Welcome"},"content":{"rendered":"<p>Prof. Dr Josef Riese und Prof. Dr. Heidrun Heinke vom <a href=\"http:\/\/www.institut-1a.physik.rwth-aachen.de\/cms\/~huhj\/INSTITUT-1A\/\">I. physikalischen Institut IA<\/a> der RWTH Aachen freuen sich sehr darauf, Sie, die Doktorandinnen und Doktoranden der GDCP zusammen mit Ihren Betreuenden im Oktober 2018 im Kloster Steinfeld in der Eifel im Umland von Aachen begr\u00fc\u00dfen zu d\u00fcrfen!<\/p>\n<p>Auf dieser Seite haben Sie in K\u00fcrze die M\u00f6glichkeit, sich \u00fcber die Anmeldung, Anreise, den Rahmen und den Ablauf der GDCP-Doktorandentagung 2018 zu informieren.<\/p>\n<p>Mit freundlichen Gr\u00fc\u00dfen<\/p>\n<p>Prof. Dr Josef Riese und Prof. Dr. Heidrun Heinke<\/p>\n","protected":false},"excerpt":{"rendered":"<p>Prof. Dr Josef Riese und Prof. Dr. Heidrun Heinke vom I. physikalischen Institut IA der RWTH Aachen freuen sich sehr darauf, Sie, die Doktorandinnen und Doktoranden der GDCP zusammen mit Ihren Betreuenden im Oktober 2018 im Kloster Steinfeld in der Eifel im Umland von Aachen begr\u00fc\u00dfen zu d\u00fcrfen! Auf dieser Seite haben Sie in K\u00fcrze &hellip; <\/p>\n<p class=\"link-more\"><a href=\"https:\/\/www.gdcp-kolloquium.physik.rwth-aachen.de\/\" class=\"more-link\"><span class=\"screen-reader-text\">\u201eGDCP 2018 &#8211; Welcome\u201c<\/span> weiterlesen<\/a><\/p>\n","protected":false},"author":1,"featured_media":0,"parent":0,"menu_order":0,"comment_status":"closed","ping_status":"closed","template":"","meta":{"footnotes":""},"class_list":["post-7","page","type-page","status-publish","hentry"],"_links":{"self":[{"href":"https:\/\/www.gdcp-kolloquium.physik.rwth-aachen.de\/index.php?rest_route=\/wp\/v2\/pages\/7","targetHints":{"allow":["GET"]}}],"collection":[{"href":"https:\/\/www.gdcp-kolloquium.physik.rwth-aachen.de\/index.php?rest_route=\/wp\/v2\/pages"}],"about":[{"href":"https:\/\/www.gdcp-kolloquium.physik.rwth-aachen.de\/index.php?rest_route=\/wp\/v2\/types\/page"}],"author":[{"embeddable":true,"href":"https:\/\/www.gdcp-kolloquium.physik.rwth-aachen.de\/index.php?rest_route=\/wp\/v2\/users\/1"}],"replies":[{"embeddable":true,"href":"https:\/\/www.gdcp-kolloquium.physik.rwth-aachen.de\/index.php?rest_route=%2Fwp%2Fv2%2Fcomments&post=7"}],"version-history":[{"count":2,"href":"https:\/\/www.gdcp-kolloquium.physik.rwth-aachen.de\/index.php?rest_route=\/wp\/v2\/pages\/7\/revisions"}],"predecessor-version":[{"id":32,"href":"https:\/\/www.gdcp-kolloquium.physik.rwth-aachen.de\/index.php?rest_route=\/wp\/v2\/pages\/7\/revisions\/32"}],"wp:attachment":[{"href":"https:\/\/www.gdcp-kolloquium.physik.rwth-aachen.de\/index.php?rest_route=%2Fwp%2Fv2%2Fmedia&parent=7"}],"curies":[{"name":"wp","href":"https:\/\/api.w.org\/{rel}","templated":true}]}}