{"id":8,"date":"2018-05-14T09:20:34","date_gmt":"2018-05-14T07:20:34","guid":{"rendered":"http:\/\/www.gdcp-kolloquium.physik.rwth-aachen.de\/?page_id=8"},"modified":"2018-10-17T10:53:46","modified_gmt":"2018-10-17T08:53:46","slug":"ueber-mich","status":"publish","type":"page","link":"https:\/\/www.gdcp-kolloquium.physik.rwth-aachen.de\/?page_id=8","title":{"rendered":"GDCP 2018 &#8211; Das Kloster Steinfeld"},"content":{"rendered":"<h2>Sonstige Aktivit\u00e4ten:<\/h2>\n<p>Im Rahmen der Tagung besteht die M\u00f6glichkeit f\u00fcr die Tagungsteilnehmer, sowohl die Minigolfanlage kostenfrei zu benutzen (Informationen und Material an der Rezeption) als auch das Schwimmbad des \u00f6rtlichen Gymnasiums.<\/p>\n<p><strong>\u00d6ffnungszeiten (Schwimmbad) f\u00fcr die Tagungsteilnehmer:<\/strong><\/p>\n<p>Freitag: 15:00-20:00,<br \/>\nSamstag\/Sonntag: 7:00-10:00 und 15:00-20:00<\/p>\n<h2>Weitere Informationen zum Tagungsort:<\/h2>\n<p>Auf der <a href=\"http:\/\/www.kloster-steinfeld.com\/de\/kloster-steinfeld\"><strong>Homepage des Klosters<\/strong><\/a> finden Sie umfangreiche Informationen und Eindr\u00fccke \u00fcber die \u00d6rtlichkeit der Tagung.<\/p>\n<h2>Veranstaltungsr\u00e4umlichkeiten:<\/h2>\n<p><a href=\"http:\/\/www.kloster-steinfeld.com\/de\/veranstaltungsraeume\">http:\/\/www.kloster-steinfeld.com\/de\/veranstaltungsraeume<\/a><\/p>\n<h2>Zimmerausstattung und -reservierung:<\/h2>\n<p>Insgesamt verf\u00fcgt das Kloster \u00fcber 200 Betten und 130 Zimmer<\/p>\n<ul>\n<li>64 Zimmer im <a href=\"http:\/\/www.kloster-steinfeld.com\/de\/zimmer-im-gaestehaus\">G\u00e4stehaus<\/a><\/li>\n<li>56 Zimmer im <a href=\"http:\/\/www.kloster-steinfeld.com\/de\/zimmer-im-kloesterlichen-stil\">kl\u00f6sterlichen Stil<\/a><\/li>\n<\/ul>\n<p>&nbsp;<\/p>\n<p>&nbsp;<\/p>\n","protected":false},"excerpt":{"rendered":"<p>Sonstige Aktivit\u00e4ten: Im Rahmen der Tagung besteht die M\u00f6glichkeit f\u00fcr die Tagungsteilnehmer, sowohl die Minigolfanlage kostenfrei zu benutzen (Informationen und Material an der Rezeption) als auch das Schwimmbad des \u00f6rtlichen Gymnasiums. \u00d6ffnungszeiten (Schwimmbad) f\u00fcr die Tagungsteilnehmer: Freitag: 15:00-20:00, Samstag\/Sonntag: 7:00-10:00 und 15:00-20:00 Weitere Informationen zum Tagungsort: Auf der Homepage des Klosters finden Sie umfangreiche Informationen &hellip; <\/p>\n<p class=\"link-more\"><a href=\"https:\/\/www.gdcp-kolloquium.physik.rwth-aachen.de\/?page_id=8\" class=\"more-link\"><span class=\"screen-reader-text\">\u201eGDCP 2018 &#8211; Das Kloster Steinfeld\u201c<\/span> weiterlesen<\/a><\/p>\n","protected":false},"author":1,"featured_media":70,"parent":0,"menu_order":0,"comment_status":"closed","ping_status":"closed","template":"","meta":{"footnotes":""},"class_list":["post-8","page","type-page","status-publish","has-post-thumbnail","hentry"],"_links":{"self":[{"href":"https:\/\/www.gdcp-kolloquium.physik.rwth-aachen.de\/index.php?rest_route=\/wp\/v2\/pages\/8","targetHints":{"allow":["GET"]}}],"collection":[{"href":"https:\/\/www.gdcp-kolloquium.physik.rwth-aachen.de\/index.php?rest_route=\/wp\/v2\/pages"}],"about":[{"href":"https:\/\/www.gdcp-kolloquium.physik.rwth-aachen.de\/index.php?rest_route=\/wp\/v2\/types\/page"}],"author":[{"embeddable":true,"href":"https:\/\/www.gdcp-kolloquium.physik.rwth-aachen.de\/index.php?rest_route=\/wp\/v2\/users\/1"}],"replies":[{"embeddable":true,"href":"https:\/\/www.gdcp-kolloquium.physik.rwth-aachen.de\/index.php?rest_route=%2Fwp%2Fv2%2Fcomments&post=8"}],"version-history":[{"count":6,"href":"https:\/\/www.gdcp-kolloquium.physik.rwth-aachen.de\/index.php?rest_route=\/wp\/v2\/pages\/8\/revisions"}],"predecessor-version":[{"id":120,"href":"https:\/\/www.gdcp-kolloquium.physik.rwth-aachen.de\/index.php?rest_route=\/wp\/v2\/pages\/8\/revisions\/120"}],"wp:featuredmedia":[{"embeddable":true,"href":"https:\/\/www.gdcp-kolloquium.physik.rwth-aachen.de\/index.php?rest_route=\/wp\/v2\/media\/70"}],"wp:attachment":[{"href":"https:\/\/www.gdcp-kolloquium.physik.rwth-aachen.de\/index.php?rest_route=%2Fwp%2Fv2%2Fmedia&parent=8"}],"curies":[{"name":"wp","href":"https:\/\/api.w.org\/{rel}","templated":true}]}}