{"id":9,"date":"2018-05-14T09:20:34","date_gmt":"2018-05-14T07:20:34","guid":{"rendered":"http:\/\/www.gdcp-kolloquium.physik.rwth-aachen.de\/?page_id=9"},"modified":"2018-09-05T08:45:30","modified_gmt":"2018-09-05T06:45:30","slug":"kontakt","status":"publish","type":"page","link":"https:\/\/www.gdcp-kolloquium.physik.rwth-aachen.de\/?page_id=9","title":{"rendered":"GDCP 2018 &#8211; Anfahrtsinformationen"},"content":{"rendered":"<h2>Lage und Anfahrtsbeschreibung<\/h2>\n<p>Das Kloster Steinfeld liegt inmitten der landschaftlich reizvollen Nordeifel und ist von Aachen, K\u00f6ln, Bonn, Koblenz und Trier aus sehr gut erreichbar.<\/p>\n<h2>Adresse<\/h2>\n<p><span class=\"org\">Kloster Steinfeld GmbH &amp; Co. KG<\/span><br \/>\n<span class=\"adr\"> <span class=\"street-address\">Hermann-Josef-Stra\u00dfe 4 <\/span><br \/>\n<span class=\"postal-code\">53925<\/span> <span class=\"locality\">Kall-Steinfeld<\/span> <\/span><\/p>\n<h2>Anreise mit dem Auto<\/h2>\n<ul>\n<li>Aus Richtung <em>K\u00f6ln\/Bonn\/Ruhrgebiet<\/em>: Autobahn A1 bis zur Abfahrt Nettersheim (AS 113), dann den Hinweisschildern \u201eKloster Steinfeld\u201c folgen.<\/li>\n<li>Aus Richtung <em>Aachen oder Trier\/S\u00fcdeifel<\/em>: B 258 bis zum Kreisverkehr bei der Ortschaft Krekel. Ab dort den Hinweisschildern \u201eKloster Steinfeld\u201c folgen.<\/li>\n<\/ul>\n<h2>Anreise mit dem Zug<\/h2>\n<ul>\n<li>Mit der Regionalbahn-Linie K\u00f6ln-Gerolstein\/Trier bis nach Urft (1,5 km bis Steinfeld) oder Kall (7 km bis Steinfeld).<\/li>\n<\/ul>\n<h2>Shuttlebus-Service<\/h2>\n<ul>\n<li>F\u00fcr den Transport vom Bahnhof Kall zum Kloster steht am 26.10.18 <strong>ab 12:15 Uhr<\/strong>\u00a0ein Shuttlebus zur Verf\u00fcgung.<\/li>\n<li>Am 28.10.18 wird der\u00a0Shuttlebus vom Kloster zum Bahnhof Kall <strong>ab<\/strong> Ende des Doktorierenden-Kolloquiums um <strong>11:45<\/strong> verkehren (<strong>nach Bedarf, bis 13:30 Uhr<\/strong>).<\/li>\n<li>F\u00fcr die reine\u00a0Fahrtzeit des Shuttlebusses sollte man eine viertel Stunde einkalkulieren.<\/li>\n<\/ul>\n<p>Bis auf den gesonderten Shuttlebus-Service finden Sie die Anfahrtsinformationen sowie eine Karte direkt auf der <a href=\"http:\/\/www.kloster-steinfeld.com\/de\/anfahrt\">Anfahrtsseite<\/a> des Kloster Steinfeld.<\/p>\n","protected":false},"excerpt":{"rendered":"<p>Lage und Anfahrtsbeschreibung Das Kloster Steinfeld liegt inmitten der landschaftlich reizvollen Nordeifel und ist von Aachen, K\u00f6ln, Bonn, Koblenz und Trier aus sehr gut erreichbar. Adresse Kloster Steinfeld GmbH &amp; Co. KG Hermann-Josef-Stra\u00dfe 4 53925 Kall-Steinfeld Anreise mit dem Auto Aus Richtung K\u00f6ln\/Bonn\/Ruhrgebiet: Autobahn A1 bis zur Abfahrt Nettersheim (AS 113), dann den Hinweisschildern \u201eKloster &hellip; <\/p>\n<p class=\"link-more\"><a href=\"https:\/\/www.gdcp-kolloquium.physik.rwth-aachen.de\/?page_id=9\" class=\"more-link\"><span class=\"screen-reader-text\">\u201eGDCP 2018 &#8211; Anfahrtsinformationen\u201c<\/span> weiterlesen<\/a><\/p>\n","protected":false},"author":1,"featured_media":0,"parent":0,"menu_order":0,"comment_status":"closed","ping_status":"closed","template":"","meta":{"footnotes":""},"class_list":["post-9","page","type-page","status-publish","hentry"],"_links":{"self":[{"href":"https:\/\/www.gdcp-kolloquium.physik.rwth-aachen.de\/index.php?rest_route=\/wp\/v2\/pages\/9","targetHints":{"allow":["GET"]}}],"collection":[{"href":"https:\/\/www.gdcp-kolloquium.physik.rwth-aachen.de\/index.php?rest_route=\/wp\/v2\/pages"}],"about":[{"href":"https:\/\/www.gdcp-kolloquium.physik.rwth-aachen.de\/index.php?rest_route=\/wp\/v2\/types\/page"}],"author":[{"embeddable":true,"href":"https:\/\/www.gdcp-kolloquium.physik.rwth-aachen.de\/index.php?rest_route=\/wp\/v2\/users\/1"}],"replies":[{"embeddable":true,"href":"https:\/\/www.gdcp-kolloquium.physik.rwth-aachen.de\/index.php?rest_route=%2Fwp%2Fv2%2Fcomments&post=9"}],"version-history":[{"count":7,"href":"https:\/\/www.gdcp-kolloquium.physik.rwth-aachen.de\/index.php?rest_route=\/wp\/v2\/pages\/9\/revisions"}],"predecessor-version":[{"id":102,"href":"https:\/\/www.gdcp-kolloquium.physik.rwth-aachen.de\/index.php?rest_route=\/wp\/v2\/pages\/9\/revisions\/102"}],"wp:attachment":[{"href":"https:\/\/www.gdcp-kolloquium.physik.rwth-aachen.de\/index.php?rest_route=%2Fwp%2Fv2%2Fmedia&parent=9"}],"curies":[{"name":"wp","href":"https:\/\/api.w.org\/{rel}","templated":true}]}}